{"id":11,"date":"2021-12-27T10:46:29","date_gmt":"2021-12-27T09:46:29","guid":{"rendered":"http:\/\/doodacycling.com\/?page_id=11"},"modified":"2025-09-11T11:21:03","modified_gmt":"2025-09-11T09:21:03","slug":"accueil","status":"publish","type":"page","link":"https:\/\/doodacycling.com\/","title":{"rendered":"Accueil"},"content":{"rendered":"\n<div class=\"wp-block-cover alignfull is-light\" style=\"min-height:700px;aspect-ratio:unset;\"><img loading=\"lazy\" decoding=\"async\" width=\"3440\" height=\"1440\" class=\"wp-block-cover__image-background wp-image-274\" alt=\"\" src=\"https:\/\/doodacycling.com\/wp-content\/uploads\/2024\/09\/20240921095520.png\" style=\"object-position:52% 36%\" data-object-fit=\"cover\" data-object-position=\"52% 36%\" srcset=\"https:\/\/doodacycling.com\/wp-content\/uploads\/2024\/09\/20240921095520.png 3440w, https:\/\/doodacycling.com\/wp-content\/uploads\/2024\/09\/20240921095520-300x126.png 300w, https:\/\/doodacycling.com\/wp-content\/uploads\/2024\/09\/20240921095520-1024x429.png 1024w, https:\/\/doodacycling.com\/wp-content\/uploads\/2024\/09\/20240921095520-768x321.png 768w, https:\/\/doodacycling.com\/wp-content\/uploads\/2024\/09\/20240921095520-1536x643.png 1536w, https:\/\/doodacycling.com\/wp-content\/uploads\/2024\/09\/20240921095520-2048x857.png 2048w\" sizes=\"auto, (max-width: 3440px) 100vw, 3440px\" \/><span aria-hidden=\"true\" class=\"wp-block-cover__background has-background-dim-0 has-background-dim\" style=\"background-color:#858e6f\"><\/span><div class=\"wp-block-cover__inner-container is-layout-flow wp-block-cover-is-layout-flow\">\n<div style=\"height:80px\" aria-hidden=\"true\" class=\"wp-block-spacer\"><\/div>\n\n\n\n<h1 class=\"wp-block-heading has-text-align-center has-nv-text-dark-bg-color has-text-color\" id=\"vous-etes-le-leader-a-vous-de-jouer\">Vous \u00eates le leader,<br>\u00e0 vous de jouer!<\/h1>\n\n\n\n<p class=\"has-text-align-center has-nv-text-dark-bg-color has-text-color\" style=\"font-size:17px\">Inscrivez-vous gratuitement sur <strong>Dooda Cycling<\/strong>, entra\u00eenez-vous, prenez les commandes de votre \u00e9quipe et brillez dans les plus grandes comp\u00e9titions !<\/p>\n\n\n\n<div class=\"wp-block-buttons is-horizontal is-content-justification-center is-layout-flex wp-container-core-buttons-is-layout-499968f5 wp-block-buttons-is-layout-flex\">\n<div class=\"wp-block-button is-style-primary\"><a class=\"wp-block-button__link wp-element-button\" href=\"https:\/\/doodacycling.com\/#rejoignez-la-communaute\">T\u00e9l\u00e9charger <\/a><\/div>\n\n\n\n<div class=\"wp-block-button is-style-secondary\"><a class=\"wp-block-button__link wp-element-button\" href=\"https:\/\/doodacycling.com\/registerdoodcycling745\" target=\"_blank\" rel=\"noreferrer noopener\">Cr\u00e9er un compte<\/a><\/div>\n<\/div>\n\n\n\n<div style=\"height:80px\" aria-hidden=\"true\" class=\"wp-block-spacer\"><\/div>\n\n\n\n<div style=\"height:80px\" aria-hidden=\"true\" class=\"wp-block-spacer\"><\/div>\n<\/div><\/div>\n\n\n\n<div style=\"height:80px\" aria-hidden=\"true\" class=\"wp-block-spacer\"><\/div>\n\n\n\n<div class=\"wp-block-columns is-layout-flex wp-container-core-columns-is-layout-9d6595d7 wp-block-columns-is-layout-flex\">\n<div class=\"wp-block-column is-layout-flow wp-block-column-is-layout-flow\"><div class=\"wp-block-image icon-style is-style-default\">\n<figure class=\"aligncenter size-full is-resized\"><img loading=\"lazy\" decoding=\"async\" width=\"360\" height=\"360\" src=\"https:\/\/doodacycling.com\/wp-content\/uploads\/2024\/09\/bullet.jpg\" alt=\"\" class=\"wp-image-280\" style=\"width:48px;height:48px\" srcset=\"https:\/\/doodacycling.com\/wp-content\/uploads\/2024\/09\/bullet.jpg 360w, https:\/\/doodacycling.com\/wp-content\/uploads\/2024\/09\/bullet-300x300.jpg 300w, https:\/\/doodacycling.com\/wp-content\/uploads\/2024\/09\/bullet-150x150.jpg 150w\" sizes=\"auto, (max-width: 360px) 100vw, 360px\" \/><\/figure>\n<\/div>\n\n\n<h3 class=\"wp-block-heading has-text-align-center has-neve-text-color-color has-text-color\" id=\"choisissez-votre-niveau\">Choisissez votre parcours<\/h3>\n\n\n\n<p class=\"has-text-align-center\">Explorez <strong>plus de 60 trac\u00e9s<\/strong> \u00e0 travers le monde et testez vos limites sur les cols les plus mythiques !<\/p>\n\n\n\n<div style=\"height:20px\" aria-hidden=\"true\" class=\"wp-block-spacer\"><\/div>\n<\/div>\n\n\n\n<div class=\"wp-block-column is-layout-flow wp-block-column-is-layout-flow\"><div class=\"wp-block-image icon-style is-style-default\">\n<figure class=\"aligncenter size-full is-resized\"><img loading=\"lazy\" decoding=\"async\" width=\"360\" height=\"360\" src=\"https:\/\/doodacycling.com\/wp-content\/uploads\/2024\/09\/bullet.jpg\" alt=\"\" class=\"wp-image-280\" style=\"width:48px;height:48px\" srcset=\"https:\/\/doodacycling.com\/wp-content\/uploads\/2024\/09\/bullet.jpg 360w, https:\/\/doodacycling.com\/wp-content\/uploads\/2024\/09\/bullet-300x300.jpg 300w, https:\/\/doodacycling.com\/wp-content\/uploads\/2024\/09\/bullet-150x150.jpg 150w\" sizes=\"auto, (max-width: 360px) 100vw, 360px\" \/><\/figure>\n<\/div>\n\n\n<h3 class=\"wp-block-heading has-text-align-center has-neve-text-color-color has-text-color\" id=\"gratuit\">100% gratuit<\/h3>\n\n\n\n<p class=\"has-text-align-center\">Entra\u00eenez-vous sur votre home trainer avec Dooda Cycling, disponible <strong>gratuitement<\/strong>.<\/p>\n\n\n\n<div style=\"height:20px\" aria-hidden=\"true\" class=\"wp-block-spacer\"><\/div>\n<\/div>\n\n\n\n<div class=\"wp-block-column is-layout-flow wp-block-column-is-layout-flow\"><div class=\"wp-block-image icon-style is-style-rounded\">\n<figure class=\"aligncenter size-full is-resized\"><img loading=\"lazy\" decoding=\"async\" width=\"360\" height=\"360\" src=\"https:\/\/doodacycling.com\/wp-content\/uploads\/2024\/09\/bullet-1.jpg\" alt=\"\" class=\"wp-image-281\" style=\"width:48px;height:48px\" srcset=\"https:\/\/doodacycling.com\/wp-content\/uploads\/2024\/09\/bullet-1.jpg 360w, https:\/\/doodacycling.com\/wp-content\/uploads\/2024\/09\/bullet-1-300x300.jpg 300w, https:\/\/doodacycling.com\/wp-content\/uploads\/2024\/09\/bullet-1-150x150.jpg 150w\" sizes=\"auto, (max-width: 360px) 100vw, 360px\" \/><\/figure>\n<\/div>\n\n\n<h3 class=\"wp-block-heading has-text-align-center has-neve-text-color-color has-text-color\" id=\"des-donnees-reelles\">Des donn\u00e9es ultra-r\u00e9alistes<\/h3>\n\n\n\n<p class=\"has-text-align-center\">Chaque route est reproduite <strong>au m\u00e8tre pr\u00e8s<\/strong> pour une immersion totale.<\/p>\n\n\n\n<div style=\"height:20px\" aria-hidden=\"true\" class=\"wp-block-spacer\"><\/div>\n<\/div>\n<\/div>\n\n\n\n<div style=\"height:80px\" aria-hidden=\"true\" class=\"wp-block-spacer\"><\/div>\n\n\n\n<div class=\"wp-block-cover alignfull\" style=\"min-height:600px;aspect-ratio:unset;\"><span aria-hidden=\"true\" class=\"wp-block-cover__background has-nv-light-bg-background-color has-background-dim-100 has-background-dim\"><\/span><div class=\"wp-block-cover__inner-container is-layout-flow wp-block-cover-is-layout-flow\">\n<div class=\"wp-block-group\"><div class=\"wp-block-group__inner-container is-layout-flow wp-block-group-is-layout-flow\">\n<div style=\"height:80px\" aria-hidden=\"true\" class=\"wp-block-spacer\"><\/div>\n\n\n\n<div class=\"wp-block-columns are-vertically-aligned-center is-layout-flex wp-container-core-columns-is-layout-9d6595d7 wp-block-columns-is-layout-flex\">\n<div class=\"wp-block-column is-vertically-aligned-center is-layout-flow wp-block-column-is-layout-flow\" style=\"flex-basis:50%\">\n<h2 class=\"wp-block-heading has-text-align-left has-neve-text-color-color has-text-color\" id=\"entrainez-vous\" style=\"font-size:43px\"><strong>\ud83d\udeb4 <strong>Entra\u00eenez-vous comme vous le voulez !<\/strong><\/strong><\/h2>\n\n\n\n<p class=\"has-text-align-left has-neve-text-color-color has-text-color\" style=\"font-size:17px\">Parcourez les routes mythiques, suivez un entra\u00eenement structur\u00e9 et repoussez vos limites, avec ou sans mode ERG.<\/p>\n\n\n\n<div class=\"wp-block-buttons is-horizontal is-content-justification-left is-layout-flex wp-container-core-buttons-is-layout-7e5fce0a wp-block-buttons-is-layout-flex\">\n<div class=\"wp-block-button is-style-primary\"><a class=\"wp-block-button__link wp-element-button\" href=\"https:\/\/doodacycling.com\/index.php\/2022\/01\/21\/le-mode-training\/\">VOIR PLUS<\/a><\/div>\n<\/div>\n\n\n\n<div style=\"height:40px\" aria-hidden=\"true\" class=\"wp-block-spacer\"><\/div>\n<\/div>\n\n\n\n<div class=\"wp-block-column is-vertically-aligned-center is-layout-flow wp-block-column-is-layout-flow\" style=\"flex-basis:50%\">\n<figure class=\"wp-block-image size-large\"><img loading=\"lazy\" decoding=\"async\" width=\"1024\" height=\"576\" src=\"https:\/\/doodacycling.com\/wp-content\/uploads\/2025\/03\/Menu_general-1024x576.png\" alt=\"\" class=\"wp-image-367\" srcset=\"https:\/\/doodacycling.com\/wp-content\/uploads\/2025\/03\/Menu_general-1024x576.png 1024w, https:\/\/doodacycling.com\/wp-content\/uploads\/2025\/03\/Menu_general-300x169.png 300w, https:\/\/doodacycling.com\/wp-content\/uploads\/2025\/03\/Menu_general-768x432.png 768w, https:\/\/doodacycling.com\/wp-content\/uploads\/2025\/03\/Menu_general-1536x864.png 1536w, https:\/\/doodacycling.com\/wp-content\/uploads\/2025\/03\/Menu_general-2048x1152.png 2048w\" sizes=\"auto, (max-width: 1024px) 100vw, 1024px\" \/><\/figure>\n<\/div>\n<\/div>\n\n\n\n<div style=\"height:40px\" aria-hidden=\"true\" class=\"wp-block-spacer\"><\/div>\n<\/div><\/div>\n<\/div><\/div>\n\n\n\n<div class=\"wp-block-cover alignfull\" style=\"min-height:600px;aspect-ratio:unset;\"><span aria-hidden=\"true\" class=\"wp-block-cover__background has-nv-dark-bg-background-color has-background-dim-100 has-background-dim\"><\/span><div class=\"wp-block-cover__inner-container is-layout-flow wp-block-cover-is-layout-flow\">\n<div class=\"wp-block-group\"><div class=\"wp-block-group__inner-container is-layout-flow wp-block-group-is-layout-flow\">\n<div style=\"height:80px\" aria-hidden=\"true\" class=\"wp-block-spacer\"><\/div>\n\n\n\n<div class=\"wp-block-columns are-vertically-aligned-center is-layout-flex wp-container-core-columns-is-layout-9d6595d7 wp-block-columns-is-layout-flex\">\n<div class=\"wp-block-column is-vertically-aligned-center is-layout-flow wp-block-column-is-layout-flow\" style=\"flex-basis:50%\">\n<figure class=\"wp-block-image size-large\"><img loading=\"lazy\" decoding=\"async\" width=\"1024\" height=\"429\" src=\"https:\/\/doodacycling.com\/wp-content\/uploads\/2024\/09\/20240921103632-1-1024x429.png\" alt=\"\" class=\"wp-image-290\" srcset=\"https:\/\/doodacycling.com\/wp-content\/uploads\/2024\/09\/20240921103632-1-1024x429.png 1024w, https:\/\/doodacycling.com\/wp-content\/uploads\/2024\/09\/20240921103632-1-300x126.png 300w, https:\/\/doodacycling.com\/wp-content\/uploads\/2024\/09\/20240921103632-1-768x321.png 768w, https:\/\/doodacycling.com\/wp-content\/uploads\/2024\/09\/20240921103632-1-1536x643.png 1536w, https:\/\/doodacycling.com\/wp-content\/uploads\/2024\/09\/20240921103632-1-2048x857.png 2048w\" sizes=\"auto, (max-width: 1024px) 100vw, 1024px\" \/><\/figure>\n<\/div>\n\n\n\n<div class=\"wp-block-column is-vertically-aligned-center is-layout-flow wp-block-column-is-layout-flow\" style=\"flex-basis:50%\">\n<div style=\"height:40px\" aria-hidden=\"true\" class=\"wp-block-spacer\"><\/div>\n\n\n\n<h2 class=\"wp-block-heading has-text-align-left has-nv-text-dark-bg-color has-text-color\" id=\"le-mode-arcade-pour-plus-de-fun\">Le mode Career : plongez au c\u0153ur de la comp\u00e9tition !<\/h2>\n\n\n\n<p class=\"has-text-align-left has-nv-text-dark-bg-color has-text-color\" style=\"font-size:17px\">Oubliez les simples sessions d\u2019entra\u00eenement et lancez-vous dans les courses les plus exigeantes !<\/p>\n\n\n\n<p class=\"has-nv-site-bg-color has-text-color has-link-color wp-elements-245f092f187869bda5973604e890ffc5\">Rejoignez une \u00e9quipe, endossez le r\u00f4le de leader ou d\u2019\u00e9quipier, et visez le maillot de votre choix : jaune, \u00e0 pois ou vert. <\/p>\n\n\n\n<p class=\"has-nv-site-bg-color has-text-color has-link-color wp-elements-0209bb819e3a0295026bdfc494dea7a5\">Encha\u00eenez les 21 \u00e9tapes du Tour de France ou tentez de briller sur une classique comme la Fl\u00e8che Wallonne. Donnez des consignes \u00e0 votre \u00e9quipe et imposez votre strat\u00e9gie pour d\u00e9crocher la victoire !<\/p>\n\n\n\n<div class=\"wp-block-buttons is-horizontal is-content-justification-left is-layout-flex wp-container-core-buttons-is-layout-7e5fce0a wp-block-buttons-is-layout-flex\">\n<div class=\"wp-block-button is-style-primary\"><a class=\"wp-block-button__link wp-element-button\" href=\"https:\/\/doodacycling.com\/index.php\/2022\/01\/21\/le-mode-career\/\"><strong>VOIR PLUS<\/strong><\/a><\/div>\n<\/div>\n<\/div>\n<\/div>\n\n\n\n<div style=\"height:40px\" aria-hidden=\"true\" class=\"wp-block-spacer\"><\/div>\n<\/div><\/div>\n<\/div><\/div>\n\n\n\n<div style=\"height:40px\" aria-hidden=\"true\" class=\"wp-block-spacer\"><\/div>\n\n\n\n<div class=\"wp-block-cover alignfull\" style=\"min-height:875px;aspect-ratio:unset;\"><span aria-hidden=\"true\" class=\"wp-block-cover__background has-nv-site-bg-background-color has-background-dim-100 has-background-dim\"><\/span><div class=\"wp-block-cover__inner-container is-layout-flow wp-block-cover-is-layout-flow\">\n<div class=\"wp-block-group\"><div class=\"wp-block-group__inner-container is-layout-flow wp-block-group-is-layout-flow\">\n<div style=\"height:80px\" aria-hidden=\"true\" class=\"wp-block-spacer\"><\/div>\n\n\n\n<h2 class=\"wp-block-heading has-nv-site-bg-color has-nv-light-bg-background-color has-text-color has-background\" id=\"rejoignez-la-communaute\">T\u00e9l\u00e9chargez DOODA CYCLING<\/h2>\n\n\n\n<p class=\"has-nv-site-bg-color has-neve-link-color-background-color has-text-color has-background has-link-color has-medium-font-size wp-elements-5719f273ab4ce1d0f4364ec202bb034d\"><strong>Configuration Syst\u00e8me requise<\/strong><\/p>\n<\/div><\/div>\n\n\n\n<div class=\"wp-block-columns is-layout-flex wp-container-core-columns-is-layout-9d6595d7 wp-block-columns-is-layout-flex\">\n<div class=\"wp-block-column is-layout-flow wp-block-column-is-layout-flow\">\n<div class=\"wp-block-group has-neve-link-color-color has-nv-text-dark-bg-background-color has-text-color has-background has-link-color wp-elements-2a661a63ea0c12fcae2001f870c48d0d is-layout-grid wp-container-core-group-is-layout-9649a0d9 wp-block-group-is-layout-grid\">\n<p><strong>Minimum<\/strong><\/p>\n\n\n\n<p>64-bit <\/p>\n\n\n\n<p>Windows 10<\/p>\n\n\n\n<p style=\"font-size:15px\">Processor Intel Core i5-2500 ou AMD Ryzen 3 1200<\/p>\n\n\n\n<p>8&nbsp;Gb RAM<\/p>\n\n\n\n<p>DirectX 11&nbsp;et 2&nbsp;Gb d'espace disque<\/p>\n\n\n\n<p>Graphics Card Intel UHD 620<\/p>\n\n\n\n<p>Pilotes \u00e0 jour<\/p>\n<\/div>\n<\/div>\n\n\n\n<div class=\"wp-block-column has-neve-link-color-color has-nv-text-dark-bg-background-color has-text-color has-background has-link-color wp-elements-dc4c7d858d306b2078c356b2c122ca74 is-layout-flow wp-block-column-is-layout-flow\">\n<div class=\"wp-block-group has-neve-link-color-color has-nv-text-dark-bg-background-color has-text-color has-background has-link-color wp-elements-fcbeaa7fed2c570ccf288a2375e6d99e is-layout-grid wp-container-core-group-is-layout-9649a0d9 wp-block-group-is-layout-grid\">\n<p><strong>Recommand\u00e9<\/strong><\/p>\n\n\n\n<p>64-bit Windows 11<\/p>\n\n\n\n<p class=\"wp-container-content-69bc4bdf\" style=\"font-size:15px\">Processor Intel Core i5-7600\u041a ou AMD Ryzen 5 1600<\/p>\n\n\n\n<p>16 Gb RAM<\/p>\n\n\n\n<p>DirectX 12 ou 5 Gb d'espace disque<\/p>\n\n\n\n<p style=\"font-size:15px\">Graphics Card Nvidia GTX 1060 ou Radeon RX 570<\/p>\n<\/div>\n<\/div>\n\n\n\n<div class=\"wp-block-column is-vertically-aligned-center is-layout-flow wp-block-column-is-layout-flow\">\n<div class=\"wp-block-buttons is-content-justification-center is-layout-flex wp-container-core-buttons-is-layout-16018d1d wp-block-buttons-is-layout-flex\">\n<div class=\"wp-block-button\"><a class=\"wp-block-button__link has-neve-link-hover-color-background-color has-background has-text-align-center wp-element-button\" href=\"https:\/\/doodacycling.com\/DC_PHP\/Download.php\">T\u00e9l\u00e9charger<\/a><\/div>\n<\/div>\n\n\n\n<p><\/p>\n<\/div>\n<\/div>\n\n\n\n<p class=\"has-nv-site-bg-color has-neve-link-color-background-color has-text-color has-background has-link-color wp-elements-50aeada98440ab11faf7e8d038da032e\"><strong>\u00c9quipement requis<\/strong><\/p>\n\n\n\n<div class=\"wp-block-columns is-layout-flex wp-container-core-columns-is-layout-9d6595d7 wp-block-columns-is-layout-flex\">\n<div class=\"wp-block-column is-layout-flow wp-block-column-is-layout-flow\">\n<p class=\"has-neve-link-color-color has-nv-text-dark-bg-background-color has-text-color has-background has-link-color wp-elements-011d16ba31b6e26decee844792f5a802\"><strong>N\u00e9cessaire<\/strong><br>Home trainer (Smart Trainer) compatible ANT+<br>Cl\u00e9 USB ANT+<br>V\u00e9lo<\/p>\n<\/div>\n\n\n\n<div class=\"wp-block-column is-layout-flow wp-block-column-is-layout-flow\">\n<p class=\"has-neve-link-color-color has-nv-site-bg-background-color has-text-color has-background has-link-color wp-elements-3339ed2429d6a8c275aae87d0520fb1d\"><strong>Suppl\u00e9ment<\/strong><br>Cardiofr\u00e9quencem\u00e8tre ANT\/BLE<br>Capteur de cadence<\/p>\n<\/div>\n<\/div>\n\n\n\n<p class=\"has-nv-site-bg-color has-neve-link-color-background-color has-text-color has-background has-link-color wp-elements-71d531e96123e6a865dab705f1cfe2e8\"><strong>\ud83d\udee0\ufe0f Installation et mises \u00e0 jour<\/strong><\/p>\n\n\n\n<div class=\"wp-block-columns is-layout-flex wp-container-core-columns-is-layout-9d6595d7 wp-block-columns-is-layout-flex\">\n<div class=\"wp-block-column is-layout-flow wp-block-column-is-layout-flow\">\n<p class=\"has-neve-link-color-color has-text-color has-link-color wp-elements-ade9dd725f9adf764fe61a00246a67c7\">Dooda Cycling n\u2019\u00e9tant pas encore certifi\u00e9, Windows peut afficher un message de s\u00e9curit\u00e9 lors de l\u2019installation. Pas d\u2019inqui\u00e9tude, suivez simplement les \u00e9tapes indiqu\u00e9es ! <\/p>\n\n\n\n<p>\ud83d\udc49 <strong><a href=\"https:\/\/doodacycling.com\/index.php\/2025\/03\/27\/installation-et-mises-a-jour\/\">Consultez le guide d\u2019installation<\/a><\/strong><\/p>\n<\/div>\n\n\n\n<div class=\"wp-block-column is-layout-flow wp-block-column-is-layout-flow\">\n<div class=\"wp-block-buttons is-content-justification-center is-layout-flex wp-container-core-buttons-is-layout-16018d1d wp-block-buttons-is-layout-flex\">\n<div class=\"wp-block-button\"><a class=\"wp-block-button__link has-neve-link-hover-color-background-color has-background wp-element-button\" href=\"https:\/\/doodacycling.com\/index.php\/2025\/03\/27\/installation-et-mises-a-jour\/\">VOIR PLUS<\/a><\/div>\n<\/div>\n<\/div>\n<\/div>\n<\/div><\/div>\n\n\n\n<div class=\"wp-block-cover alignfull\" style=\"min-height:420px;aspect-ratio:unset;\"><span aria-hidden=\"true\" class=\"wp-block-cover__background has-nv-light-bg-background-color has-background-dim-100 has-background-dim\"><\/span><div class=\"wp-block-cover__inner-container is-layout-flow wp-block-cover-is-layout-flow\">\n<div style=\"height:80px\" aria-hidden=\"true\" class=\"wp-block-spacer\"><\/div>\n\n\n\n<div class=\"wp-block-columns is-layout-flex wp-container-core-columns-is-layout-9d6595d7 wp-block-columns-is-layout-flex\">\n<div class=\"wp-block-column is-layout-flow wp-block-column-is-layout-flow\"><div class=\"wp-block-image is-style-rounded\">\n<figure class=\"aligncenter size-full\"><img loading=\"lazy\" decoding=\"async\" width=\"71\" height=\"78\" src=\"https:\/\/doodacycling.com\/wp-content\/uploads\/2022\/01\/cropped-Dooda2-Copie-5.png\" alt=\"\" class=\"wp-image-170\"\/><\/figure>\n<\/div>\n\n\n<p class=\"has-text-align-center has-neve-text-color-color has-text-color has-normal-font-size\">Cr\u00e9\u00e9 en 2018 pour le plaisir, Dooda Cycling continue de grandir et d\u2019\u00e9voluer au fil des ann\u00e9es.<\/p>\n\n\n\n<p class=\"has-text-align-center has-neve-text-color-color has-text-color\">\u00a9 2025 Dooda Cycling - Tous droits r\u00e9serv\u00e9s<\/p>\n\n\n\n<div style=\"height:20px\" aria-hidden=\"true\" class=\"wp-block-spacer\"><\/div>\n<\/div>\n<\/div>\n\n\n\n<div style=\"height:30px\" aria-hidden=\"true\" class=\"wp-block-spacer\"><\/div>\n<\/div><\/div>\n","protected":false},"excerpt":{"rendered":"<p>Choisissez votre parcours Explorez plus de 60 trac\u00e9s \u00e0 travers le monde et testez vos limites sur les cols les plus mythiques ! 100% gratuit Entra\u00eenez-vous sur votre home trainer avec Dooda Cycling, disponible gratuitement. Des donn\u00e9es ultra-r\u00e9alistes Chaque route est reproduite au m\u00e8tre pr\u00e8s pour une immersion totale.<\/p>\n","protected":false},"author":1,"featured_media":0,"parent":0,"menu_order":0,"comment_status":"closed","ping_status":"closed","template":"","meta":{"neve_meta_sidebar":"","neve_meta_container":"","neve_meta_enable_content_width":"on","neve_meta_content_width":100,"neve_meta_title_alignment":"","neve_meta_author_avatar":"","neve_post_elements_order":"","neve_meta_disable_header":"","neve_meta_disable_footer":"","neve_meta_disable_title":"on","footnotes":""},"class_list":["post-11","page","type-page","status-publish","hentry"],"_links":{"self":[{"href":"https:\/\/doodacycling.com\/index.php\/wp-json\/wp\/v2\/pages\/11","targetHints":{"allow":["GET"]}}],"collection":[{"href":"https:\/\/doodacycling.com\/index.php\/wp-json\/wp\/v2\/pages"}],"about":[{"href":"https:\/\/doodacycling.com\/index.php\/wp-json\/wp\/v2\/types\/page"}],"author":[{"embeddable":true,"href":"https:\/\/doodacycling.com\/index.php\/wp-json\/wp\/v2\/users\/1"}],"replies":[{"embeddable":true,"href":"https:\/\/doodacycling.com\/index.php\/wp-json\/wp\/v2\/comments?post=11"}],"version-history":[{"count":70,"href":"https:\/\/doodacycling.com\/index.php\/wp-json\/wp\/v2\/pages\/11\/revisions"}],"predecessor-version":[{"id":469,"href":"https:\/\/doodacycling.com\/index.php\/wp-json\/wp\/v2\/pages\/11\/revisions\/469"}],"wp:attachment":[{"href":"https:\/\/doodacycling.com\/index.php\/wp-json\/wp\/v2\/media?parent=11"}],"curies":[{"name":"wp","href":"https:\/\/api.w.org\/{rel}","templated":true}]}}