{"id":345,"date":"2025-01-16T15:09:51","date_gmt":"2025-01-16T14:09:51","guid":{"rendered":"https:\/\/doodacycling.com\/?page_id=345"},"modified":"2025-04-07T21:29:49","modified_gmt":"2025-04-07T19:29:49","slug":"politique-de-confidentialite","status":"publish","type":"page","link":"https:\/\/doodacycling.com\/index.php\/politique-de-confidentialite\/","title":{"rendered":"Politique de confidentialit\u00e9"},"content":{"rendered":"\n<p>Pour Dooda Cycling la protection de vos donn\u00e9es personnelles est une priorit\u00e9. Cette politique de confidentialit\u00e9 explique comment nous collectons, utilisons et prot\u00e9geons vos informations dans le cadre de l'utilisation de notre site internet et de notre jeu.<\/p>\n\n\n\n<p class=\"has-nv-light-bg-background-color has-background\"><strong>1. Donn\u00e9es collect\u00e9es<\/strong><\/p>\n\n\n\n<p>Nous collectons les donn\u00e9es suivantes dans le cadre de l\u2019utilisation de notre jeu :<\/p>\n\n\n\n<ul class=\"wp-block-list\">\n<li>Le poids du coureur (entr\u00e9e utilisateur).<\/li>\n\n\n\n<li>La FTP (Functional Threshold Power) du coureur (entr\u00e9e utilisateur).<\/li>\n\n\n\n<li>L\u2019adresse e-mail de l\u2019utilisateur (entr\u00e9e utilisateur).<\/li>\n<\/ul>\n\n\n\n<p>Ces donn\u00e9es sont stock\u00e9es dans notre base de donn\u00e9es de mani\u00e8re s\u00e9curis\u00e9e.<\/p>\n\n\n\n<p class=\"has-nv-light-bg-background-color has-background\"><strong>2. Utilisation des donn\u00e9es<\/strong><\/p>\n\n\n\n<p>Les donn\u00e9es collect\u00e9es sont exclusivement utilis\u00e9es dans le cadre du jeu afin de :<\/p>\n\n\n\n<ul class=\"wp-block-list\">\n<li>Simuler et personnaliser les performances des coureurs.<\/li>\n\n\n\n<li>Offrir une exp\u00e9rience immersive et adapt\u00e9e \u00e0 chaque utilisateur.<\/li>\n\n\n\n<li>Communiquer avec les utilisateurs concernant les mises \u00e0 jour, notifications ou support du jeu.<\/li>\n<\/ul>\n\n\n\n<p class=\"has-nv-light-bg-background-color has-background\"><strong>3. Conservation des donn\u00e9es<\/strong><\/p>\n\n\n\n<p>Les donn\u00e9es sont stock\u00e9es dans notre base de donn\u00e9es de mani\u00e8re s\u00e9curis\u00e9e. Nous conservons ces informations tant que votre compte reste actif ou selon les exigences l\u00e9gales applicables.<\/p>\n\n\n\n<p class=\"has-nv-light-bg-background-color has-background\"><strong>4. Partage des donn\u00e9es<\/strong><\/p>\n\n\n\n<p>Nous ne partageons aucune donn\u00e9e avec des tiers, sauf si cela est requis par la loi ou dans le cadre d\u2019une demande expresse de votre part.<\/p>\n\n\n\n<p class=\"has-nv-light-bg-background-color has-background\"><strong>5. Vos droits<\/strong><\/p>\n\n\n\n<p>Vous disposez des droits suivants concernant vos donn\u00e9es personnelles :<\/p>\n\n\n\n<ul class=\"wp-block-list\">\n<li>Acc\u00e8s : Vous pouvez demander une copie des donn\u00e9es que nous d\u00e9tenons sur vous.<\/li>\n\n\n\n<li>Rectification : Vous pouvez demander la correction de vos donn\u00e9es personnelles si elles sont incorrectes.<\/li>\n\n\n\n<li>Suppression : Vous pouvez demander la suppression de vos donn\u00e9es personnelles, sauf si leur conservation est n\u00e9cessaire pour des raisons l\u00e9gales ou contractuelles.<\/li>\n<\/ul>\n\n\n\n<p>Pour exercer ces droits, veuillez nous contacter \u00e0 dooda_admin at doodacycling.com.<\/p>\n\n\n\n<p class=\"has-nv-light-bg-background-color has-background\"><strong>6. Cookies et technologies similaires<\/strong><\/p>\n\n\n\n<p>Nous n\u2019utilisons actuellement aucun cookie ou technologie de suivi sur notre site ou dans notre jeu.<\/p>\n\n\n\n<p class=\"has-nv-light-bg-background-color has-background\"><strong>7. Modifications de cette politique<\/strong><\/p>\n\n\n\n<p>Nous pouvons mettre \u00e0 jour cette politique de confidentialit\u00e9 pour refl\u00e9ter les \u00e9volutions de notre jeu ou de nos pratiques. Toute modification sera publi\u00e9e sur cette page, avec une date de mise \u00e0 jour clairement indiqu\u00e9e.<\/p>\n\n\n\n<p class=\"has-nv-light-bg-background-color has-background\"><strong>8. Contact<\/strong><\/p>\n\n\n\n<p>Pour toute question concernant cette politique de confidentialit\u00e9, veuillez nous contacter \u00e0 dooda_admin at doodacycling.com.<\/p>\n\n\n\n<p>Date de derni\u00e8re mise \u00e0 jour : 12\/01\/2025.<\/p>\n\n\n\n<p><\/p>\n","protected":false},"excerpt":{"rendered":"<p>Pour Dooda Cycling la protection de vos donn\u00e9es personnelles est une priorit\u00e9. Cette politique de confidentialit\u00e9 explique comment nous collectons, utilisons et prot\u00e9geons vos informations dans le cadre de l&#8217;utilisation de notre site internet et de notre jeu. 1. Donn\u00e9es collect\u00e9es Nous collectons les donn\u00e9es suivantes dans le cadre de l\u2019utilisation de notre jeu :&hellip;&nbsp;<a href=\"https:\/\/doodacycling.com\/index.php\/politique-de-confidentialite\/\" rel=\"bookmark\">Read More &raquo;<span class=\"screen-reader-text\">Politique de confidentialit\u00e9<\/span><\/a><\/p>\n","protected":false},"author":1,"featured_media":0,"parent":0,"menu_order":0,"comment_status":"closed","ping_status":"closed","template":"","meta":{"neve_meta_sidebar":"","neve_meta_container":"","neve_meta_enable_content_width":"","neve_meta_content_width":0,"neve_meta_title_alignment":"","neve_meta_author_avatar":"","neve_post_elements_order":"","neve_meta_disable_header":"","neve_meta_disable_footer":"","neve_meta_disable_title":"","footnotes":""},"class_list":["post-345","page","type-page","status-publish","hentry"],"_links":{"self":[{"href":"https:\/\/doodacycling.com\/index.php\/wp-json\/wp\/v2\/pages\/345","targetHints":{"allow":["GET"]}}],"collection":[{"href":"https:\/\/doodacycling.com\/index.php\/wp-json\/wp\/v2\/pages"}],"about":[{"href":"https:\/\/doodacycling.com\/index.php\/wp-json\/wp\/v2\/types\/page"}],"author":[{"embeddable":true,"href":"https:\/\/doodacycling.com\/index.php\/wp-json\/wp\/v2\/users\/1"}],"replies":[{"embeddable":true,"href":"https:\/\/doodacycling.com\/index.php\/wp-json\/wp\/v2\/comments?post=345"}],"version-history":[{"count":1,"href":"https:\/\/doodacycling.com\/index.php\/wp-json\/wp\/v2\/pages\/345\/revisions"}],"predecessor-version":[{"id":346,"href":"https:\/\/doodacycling.com\/index.php\/wp-json\/wp\/v2\/pages\/345\/revisions\/346"}],"wp:attachment":[{"href":"https:\/\/doodacycling.com\/index.php\/wp-json\/wp\/v2\/media?parent=345"}],"curies":[{"name":"wp","href":"https:\/\/api.w.org\/{rel}","templated":true}]}}